{"id":943,"date":"2021-01-21T20:14:30","date_gmt":"2021-01-21T23:14:30","guid":{"rendered":"https:\/\/congregacioncristiana.org.ar\/?page_id=943"},"modified":"2021-01-21T20:14:30","modified_gmt":"2021-01-21T23:14:30","slug":"circular-17-12-2020","status":"publish","type":"page","link":"https:\/\/congregacioncristiana.org.ar\/index.php\/circular-17-12-2020\/","title":{"rendered":"Circular 17\/12\/2020"},"content":{"rendered":"\n<h2 class=\"wp-block-heading\" id=\"block-62d36c6d-fa6a-4bf1-8f26-3c22b4e6416e\">COMUNICADO A LA HERMANDAD Y MINISTERIO<\/h2>\n\n\n\n<h2 class=\"wp-block-heading\" id=\"block-c64a5dad-2cbb-4a14-a926-cc1e2473d399\">AL MINISTERIO Y HERMANDAD EN GENERAL DE LA CONGREGACI\u00d3N CRISTIANA EN LA ARGENTINA<\/h2>\n\n\n\n<p id=\"block-d6e1ec0d-25bf-472e-8121-5b3f6fa29ad9\">Buenos Aires, 17 de Diciembre de 2020<\/p>\n\n\n\n<p id=\"block-bc66aad3-f45a-40f1-a5c6-7f4df237512a\">La Paz de Dios, sea con todos, Am\u00e9n.<\/p>\n\n\n\n<p id=\"block-0adbbf4f-069c-4344-ab54-5e559ac4cc96\">Se comunica a la querida hermandad que en el mes de Diciembre se mantuvieron reuniones con todo el Ministerio y Administraciones regionales del pa\u00eds a fin de tratar las reaperturas de las casas de oraci\u00f3n.<\/p>\n\n\n\n<p id=\"block-708ad881-510e-4f80-83e6-f6b7efeb9781\">Atento las grandes diferencias entre las Regiones, Provincias y Municipios donde nuestras iglesias se encuentran, y requisitos requeridos por las autoridades de estos lugares, es que el Consejo de Ancianos evaluar\u00e1 las aperturas (en donde sea permitido) una vez recopilados todos los protocolos de funcionamiento pertinentes, los cuales ser\u00e1n enviados a la Administraci\u00f3n Central por parte de las cabeceras regionales.<br>\ufeff<\/p>\n\n\n\n<p id=\"block-3cd48032-a779-4e17-99a0-288006816446\">Mientras esto se efectiviza, recordamos a nuestra hermandad que la CONGREGACION CRISTIANA EN LA ARGENTINA, no est\u00e1 realizando cultos de manera presencial en las iglesias, aguardando de esta manera la deliberaci\u00f3n del Consejo de Ancianos y Administraci\u00f3n Central, y congregando de manera ON LINE en los Santos Cultos que Dios tiene preparado.<\/p>\n\n\n\n<p id=\"block-40b1cacb-0cc1-47a8-9104-f80f290af6ef\">Recordamos que ning\u00fan hermano sea cual sea su Ministerio y\/o administrador puede reabrir las iglesias para realizar santos cultos sin la debida autorizaci\u00f3n del Consejo de Ancianos y Administraci\u00f3n Central, a fin de evitar recaer en responsabilidades particulares con las autoridades pertinentes.<\/p>\n\n\n\n<p id=\"block-a5b046e1-2989-40f3-b220-db7e543cb358\">Rogamos una vez m\u00e1s la oraci\u00f3n de la hermandad para que en breve podamos congregar en aquellos lugares donde existe esta posibilidad, y juntos alegrarnos en la presencia de Dios, buscando la salvaci\u00f3n de nuestras almas.<\/p>\n\n\n\n<p id=\"block-77237511-3f35-4649-9e41-c29a9e3118ee\">Toda novedad al respecto de las aperturas de las iglesias ser\u00e1 comunicada en los cultos ON LINE y luego cargada en el sitio oficial www.congregacioncristiana.org.ar<\/p>\n\n\n\n<p id=\"block-8e7a34b4-ccda-414e-af16-0d588ecc970a\">Los saludan en el grato amor de nuestro Se\u00f1or Jesucristo, vuestros Hermanos en Cristo Jes\u00fas.<\/p>\n\n\n\n<p id=\"block-223df7b7-7e1d-4873-9636-2be85b900c0b\">Consejo de Ancianos m\u00e1s Antiguos de Argentina.<\/p>\n","protected":false},"excerpt":{"rendered":"<p>COMUNICADO A LA HERMANDAD Y MINISTERIO AL MINISTERIO Y HERMANDAD EN GENERAL DE LA CONGREGACI\u00d3N CRISTIANA EN LA ARGENTINA Buenos Aires, 17 de Diciembre de 2020 La Paz de Dios, sea con todos, Am\u00e9n. Se comunica a la querida hermandad que en el mes de Diciembre se mantuvieron reuniones con todo el Ministerio y Administraciones <a href=\"https:\/\/congregacioncristiana.org.ar\/index.php\/circular-17-12-2020\/\" rel=\"nofollow\"><span class=\"sr-only\">Leer m\u00e1s sobreCircular 17\/12\/2020<\/span>[&hellip;]<\/a><\/p>\n","protected":false},"author":1,"featured_media":0,"parent":0,"menu_order":0,"comment_status":"closed","ping_status":"closed","template":"","meta":{"footnotes":""},"class_list":["post-943","page","type-page","status-publish","hentry"],"_links":{"self":[{"href":"https:\/\/congregacioncristiana.org.ar\/index.php\/wp-json\/wp\/v2\/pages\/943","targetHints":{"allow":["GET"]}}],"collection":[{"href":"https:\/\/congregacioncristiana.org.ar\/index.php\/wp-json\/wp\/v2\/pages"}],"about":[{"href":"https:\/\/congregacioncristiana.org.ar\/index.php\/wp-json\/wp\/v2\/types\/page"}],"author":[{"embeddable":true,"href":"https:\/\/congregacioncristiana.org.ar\/index.php\/wp-json\/wp\/v2\/users\/1"}],"replies":[{"embeddable":true,"href":"https:\/\/congregacioncristiana.org.ar\/index.php\/wp-json\/wp\/v2\/comments?post=943"}],"version-history":[{"count":1,"href":"https:\/\/congregacioncristiana.org.ar\/index.php\/wp-json\/wp\/v2\/pages\/943\/revisions"}],"predecessor-version":[{"id":944,"href":"https:\/\/congregacioncristiana.org.ar\/index.php\/wp-json\/wp\/v2\/pages\/943\/revisions\/944"}],"wp:attachment":[{"href":"https:\/\/congregacioncristiana.org.ar\/index.php\/wp-json\/wp\/v2\/media?parent=943"}],"curies":[{"name":"wp","href":"https:\/\/api.w.org\/{rel}","templated":true}]}}