{"id":302,"date":"2020-06-20T14:00:38","date_gmt":"2020-06-20T14:00:38","guid":{"rendered":"https:\/\/congregacioncristiana.org.ar\/?page_id=302"},"modified":"2020-06-20T14:00:39","modified_gmt":"2020-06-20T14:00:39","slug":"circular-16-04-2020","status":"publish","type":"page","link":"https:\/\/congregacioncristiana.org.ar\/index.php\/circular-16-04-2020\/","title":{"rendered":"Circular 16\/04\/2020"},"content":{"rendered":"\n<h2 class=\"wp-block-heading\">A LA QUERIDA HERMANDAD Y MINISTERIO EN GENERAL<\/h2>\n\n\n\n<p class=\"has-text-align-right\">Buenos Aires, 16 de Abril de 2020<\/p>\n\n\n\n<p>La Paz de Dios sea con todos.<\/p>\n\n\n\n<p><strong>OFRENDAS REALIZADAS DURANTE LA VIGENCIA DE RESTRICCIONES DE CIRCULACI\u00d3N ORDENADA MEDIANTE DECRETO NACIONAL 2020-297.<\/strong><\/p>\n\n\n\n<p>Frente a los acontecimientos provocados por la pandemia del corona virus (COVID-19) en nuestra naci\u00f3n Argentina, nuestras Iglesias permanecer\u00e1n temporalmente sin los santos servicios de Culto.<br>Cumpliendo as\u00ed con las recomendaciones de las autoridades del Gobierno. Teniendo en vista todas las necesidades de la obra de Dios, <strong>principalmente en la Obra de la Piedad,<\/strong> como as\u00ed mismo para afrontar gastos fijos de algunas Congregaciones, informamos a nuestra querida hermandad que sigue habilitada las transferencias electr\u00f3nicas directamente a la cuenta bancaria de la Congregaci\u00f3n Cristiana en la Argentina, cuyos datos reiteramos a continuaci\u00f3n:<br><br><strong>Congregaci\u00f3n Cristiana en la Argentina<br>Banco Santander Rio \u2013 Sucursal: 400<br>Cuenta Corriente en pesos N\u00ba: 1179\/0<br>CBU: 0720400920000000117904<br>CUIT: 30\u201366247230\u20138.<\/strong><\/p>\n\n\n\n<p>Asimismo, teniendo en cuenta que muchos de nuestros hermanos y hermanas por alg\u00fan motivo no le es posible realizar estas transferencias, y a fin de respetar el fuerte sentimiento en ellos de poder cumplir con aquello que nuestro Dios les requiri\u00f3 es que podr\u00e1n comunicarse con el Ministerio de su com\u00fan congregaci\u00f3n \u2013preferentemente con el hermano Diacono, si hubiese- a fin de ser orientado para poder hacer entrega de dicha ofrenda, mecanismo que estar\u00e1 sujeto a lo dispuesto por el Ministerio de Di\u00e1conos y Ancianos m\u00e1s antiguos y Administraci\u00f3n, a fin de respetar en todo, los principios de la Congregaci\u00f3n Cristiana en la Argentina. <strong>Este movimiento quedar\u00e1 registrado en planillas que ser\u00e1n confeccionadas para dicho fin, recordando que este sistema SOLO estar\u00e1 vigente mientras dure esta emergencia.<\/strong><\/p>\n\n\n\n<p>Ante cualquier consulta de la hermandad, rogamos buscar la orientaci\u00f3n del Ministerio el cual estar\u00e1 a disposici\u00f3n para esclarecer las dudas que pudiesen surgir.<\/p>\n\n\n\n<p>Reiteramos que en todo se deber\u00e1 tomar todos los cuidados preventivos para la contenci\u00f3n de esta pandemia conforme a las orientaciones de nuestras autoridades sanitarias.<\/p>\n\n\n\n<p>El presente comunicado podr\u00e1 ser corroborado en el sitio oficial de la Congregaci\u00f3n Cristiana en la Argentina.  <strong>https:\/\/congregacioncristiana.org.ar\/<\/strong><\/p>\n\n\n\n<p>En cualquier momento podr\u00e1n tomarse nuevas determinaciones por el Consejo Ministerial delante de nuevos hechos que puedan surgir, los que ser\u00e1n comunicados a la querida hermandad.<\/p>\n\n\n\n<p>Vuestros Hermanos en Cristo.<\/p>\n\n\n\n<p>Consejo de Ancianos m\u00e1s Antiguos de Argentina y Administraci\u00f3n. &#8211;<\/p>\n","protected":false},"excerpt":{"rendered":"<p>A LA QUERIDA HERMANDAD Y MINISTERIO EN GENERAL Buenos Aires, 16 de Abril de 2020 La Paz de Dios sea con todos. OFRENDAS REALIZADAS DURANTE LA VIGENCIA DE RESTRICCIONES DE CIRCULACI\u00d3N ORDENADA MEDIANTE DECRETO NACIONAL 2020-297. Frente a los acontecimientos provocados por la pandemia del corona virus (COVID-19) en nuestra naci\u00f3n Argentina, nuestras Iglesias permanecer\u00e1n <a href=\"https:\/\/congregacioncristiana.org.ar\/index.php\/circular-16-04-2020\/\" rel=\"nofollow\"><span class=\"sr-only\">Leer m\u00e1s sobreCircular 16\/04\/2020<\/span>[&hellip;]<\/a><\/p>\n","protected":false},"author":1,"featured_media":0,"parent":0,"menu_order":0,"comment_status":"closed","ping_status":"closed","template":"","meta":{"footnotes":""},"class_list":["post-302","page","type-page","status-publish","hentry"],"_links":{"self":[{"href":"https:\/\/congregacioncristiana.org.ar\/index.php\/wp-json\/wp\/v2\/pages\/302","targetHints":{"allow":["GET"]}}],"collection":[{"href":"https:\/\/congregacioncristiana.org.ar\/index.php\/wp-json\/wp\/v2\/pages"}],"about":[{"href":"https:\/\/congregacioncristiana.org.ar\/index.php\/wp-json\/wp\/v2\/types\/page"}],"author":[{"embeddable":true,"href":"https:\/\/congregacioncristiana.org.ar\/index.php\/wp-json\/wp\/v2\/users\/1"}],"replies":[{"embeddable":true,"href":"https:\/\/congregacioncristiana.org.ar\/index.php\/wp-json\/wp\/v2\/comments?post=302"}],"version-history":[{"count":1,"href":"https:\/\/congregacioncristiana.org.ar\/index.php\/wp-json\/wp\/v2\/pages\/302\/revisions"}],"predecessor-version":[{"id":303,"href":"https:\/\/congregacioncristiana.org.ar\/index.php\/wp-json\/wp\/v2\/pages\/302\/revisions\/303"}],"wp:attachment":[{"href":"https:\/\/congregacioncristiana.org.ar\/index.php\/wp-json\/wp\/v2\/media?parent=302"}],"curies":[{"name":"wp","href":"https:\/\/api.w.org\/{rel}","templated":true}]}}