{"id":2005,"date":"2023-02-11T13:41:45","date_gmt":"2023-02-11T16:41:45","guid":{"rendered":"https:\/\/congregacioncristiana.org.ar\/?page_id=2005"},"modified":"2023-02-11T13:41:52","modified_gmt":"2023-02-11T16:41:52","slug":"puntos-de-doctrina","status":"publish","type":"page","link":"https:\/\/congregacioncristiana.org.ar\/index.php\/puntos-de-doctrina\/","title":{"rendered":"Puntos de Doctrina"},"content":{"rendered":"\n<h2 class=\"wp-block-heading\">PUNTOS DE DOCTRINA Y DE LA FE QUE FUE DADA A LOS SANTOS<\/h2>\n\n\n\n<ol class=\"wp-block-list\">\n<li><strong>Nosotros creemos<\/strong> en la entera Santa Biblia y la aceptamos como conteniendo la infalible Palabra de Dios, inspirada por el Esp\u00edritu Santo. La Palabra de Dios es la \u00fanica y perfecta gu\u00eda de nuestra fe y conducta, y a Ella nada se puede a\u00f1adir ni de Ella quitar. Es, tambi\u00e9n, el poder de Dios para salvaci\u00f3n de todo aquel que cree. (II Pedro 1:21; II Timoteo 3:16 \u2013 17 ; Romanos 1:16).<\/li>\n\n\n\n<li><strong>Nosotros creemos<\/strong> que hay un s\u00f3lo Dios viviente y verdadero, eterno y de infinito poder, Creador de todas las cosas, en cuya unidad est\u00e1n el Padre, el Hijo y el Esp\u00edritu Santo. (Efesios 4:6; Mateo 28:19; I Juan 5:7).<\/li>\n\n\n\n<li><strong>Nosotros creemos<\/strong> que Jesucristo, el Hijo de Dios, es la Palabra hecha carne, habiendo asumido una naturaleza humana en el vientre de Mar\u00eda virgen, poseyendo \u00c9l, por consiguiente, dos naturalezas, la divina y la humana; por eso es llamado verdadero Dios y verdadero hombre y es el \u00fanico Salvador, pues sufri\u00f3 la muerte por la culpa de todos los hombres. (Lucas 1:27-35; Juan 1:14; I Pedro 3:18).<\/li>\n\n\n\n<li><strong>Nosotros creemos<\/strong> en la existencia personal del diablo y de sus \u00e1ngeles, malos esp\u00edritus que, junto a \u00e9l, ser\u00e1n castigados en el fuego eterno. (Mateo 25:41).<\/li>\n\n\n\n<li><strong>Nosotros creemos<\/strong> que el nuevo nacimiento y la regeneraci\u00f3n s\u00f3lo se reciben por la fe en Jesucristo, el cual por nuestros pecados fue entregado y resucit\u00f3 para nuestra justificaci\u00f3n. Los que est\u00e1n en Cristo Jes\u00fas son nuevas criaturas. Jesucristo, para nosotros, fue hecho por Dios sabidur\u00eda, justicia, santificaci\u00f3n y redenci\u00f3n. (Romanos 3:24-25; I Corintios 1:30; II Corintios 5:17).<\/li>\n\n\n\n<li><strong>Nosotros creemos<\/strong> en el bautismo en el agua, con una sola inmersi\u00f3n, en el Nombre de Jesucristo (Hechos 2:38) y en el Nombre del Padre y del Hijo y del Esp\u00edritu Santo. (Mateo 28:18-19).<\/li>\n\n\n\n<li><strong>Nosotros creemos<\/strong> en el bautismo del Esp\u00edritu Santo, con evidencia de nuevas lenguas, conforme el Esp\u00edritu Santo concede que se hable. (Hechos 2:4; 10:45-47; 19:6).<\/li>\n\n\n\n<li><strong>Nosotros creemos<\/strong> en la Santa Cena. Jesucristo, la noche en que fue traicionado, tomando el pan y habiendo dado gracias, lo parti\u00f3 y lo dio a sus disc\u00edpulos, diciendo: \u201cEsto es mi cuerpo, que por vosotros es dado: haced esto en memoria de m\u00ed.\u201c Igualmente tom\u00f3 el c\u00e1liz, despu\u00e9s de la cena, diciendo: \u201cEste vaso es el nuevo pacto en mi sangre, que por vosotros se derrama\u201c. (Lucas 22:19, 20; I Corintios 11:24,25).<\/li>\n\n\n\n<li><strong>Nosotros creemos<\/strong> en la necesidad de abstenernos de cosas sacrificadas a los \u00eddolos, de sangre, de carne ahogada y de fornicaci\u00f3n, conforme mostr\u00f3 el Esp\u00edritu Santo en la Asamblea de Jerusal\u00e9n. (Hechos 15:28,29; 16:4 y 21:25).<\/li>\n\n\n\n<li><strong>Nosotros creemos<\/strong> que Jesucristo tom\u00f3 sobre S\u00ed nuestras enfermedades. \u201c\u00bfEst\u00e1 alguno enfermo entre vosotros? Llame a los ancianos de la iglesia, y oren por \u00e9l, ungi\u00e9ndole con aceite en el nombre del Se\u00f1or. Y la oraci\u00f3n de fe salvar\u00e1 al enfermo, y el Se\u00f1or lo levantar\u00e1; y si hubiere cometido pecados, le ser\u00e1n perdonados.\u201c (Mateo 8:17; Jacobo (Santiago) 5:14,15).<\/li>\n\n\n\n<li><strong>Nosotros creemos<\/strong> que el mismo Se\u00f1or (antes del milenio) descender\u00e1 del cielo con aclamaci\u00f3n, con voz de arc\u00e1ngel y con trompeta de Dios; y los muertos en Cristo resucitar\u00e1n primero. Luego nosotros, los que vivamos, los que quedemos, juntamente con ellos seremos arrebatados en las nubes a recibir al Se\u00f1or en el aire, y as\u00ed estaremos siempre con el Se\u00f1or. (I Tesalonicenses 4:16,17; Apocalipsis 20:6).<\/li>\n\n\n\n<li><strong>Nosotros creemos<\/strong> que habr\u00e1 la resurrecci\u00f3n corporal de los muertos, justos e injustos. Estos ir\u00e1n para el tormento eterno, mas los justos para la vida eterna. (Hechos 24:15; Mateo 25:46).<\/li>\n<\/ol>\n","protected":false},"excerpt":{"rendered":"<p>PUNTOS DE DOCTRINA Y DE LA FE QUE FUE DADA A LOS SANTOS<\/p>\n","protected":false},"author":1,"featured_media":0,"parent":0,"menu_order":0,"comment_status":"closed","ping_status":"closed","template":"","meta":{"footnotes":""},"class_list":["post-2005","page","type-page","status-publish","hentry"],"_links":{"self":[{"href":"https:\/\/congregacioncristiana.org.ar\/index.php\/wp-json\/wp\/v2\/pages\/2005","targetHints":{"allow":["GET"]}}],"collection":[{"href":"https:\/\/congregacioncristiana.org.ar\/index.php\/wp-json\/wp\/v2\/pages"}],"about":[{"href":"https:\/\/congregacioncristiana.org.ar\/index.php\/wp-json\/wp\/v2\/types\/page"}],"author":[{"embeddable":true,"href":"https:\/\/congregacioncristiana.org.ar\/index.php\/wp-json\/wp\/v2\/users\/1"}],"replies":[{"embeddable":true,"href":"https:\/\/congregacioncristiana.org.ar\/index.php\/wp-json\/wp\/v2\/comments?post=2005"}],"version-history":[{"count":1,"href":"https:\/\/congregacioncristiana.org.ar\/index.php\/wp-json\/wp\/v2\/pages\/2005\/revisions"}],"predecessor-version":[{"id":2006,"href":"https:\/\/congregacioncristiana.org.ar\/index.php\/wp-json\/wp\/v2\/pages\/2005\/revisions\/2006"}],"wp:attachment":[{"href":"https:\/\/congregacioncristiana.org.ar\/index.php\/wp-json\/wp\/v2\/media?parent=2005"}],"curies":[{"name":"wp","href":"https:\/\/api.w.org\/{rel}","templated":true}]}}