{"id":1995,"date":"2023-02-11T13:06:35","date_gmt":"2023-02-11T16:06:35","guid":{"rendered":"https:\/\/congregacioncristiana.org.ar\/?page_id=1995"},"modified":"2023-02-11T13:06:35","modified_gmt":"2023-02-11T16:06:35","slug":"nosotros","status":"publish","type":"page","link":"https:\/\/congregacioncristiana.org.ar\/index.php\/nosotros\/","title":{"rendered":"Nosotros"},"content":{"rendered":"\n<p>La Congregacion Cristiana es una comunidad religiosa enteramente fundada en la doctrina y la fe apostolica contenidas en el Nuevo Testamento de la Biblia Sagrada.<\/p>\n\n\n\n<p>La Congregacion Cristiana tiene su origen en un peque\u00f1o grupo de evangelicos italianos que, en la ciudad de Chicago en los Estados Unidos de America , en el a\u00f1o de 1904, paso a reunirse en sus casas, buscando la guia divina para seguir los ense\u00f1amientos biblicos cristianos, dentro de la simplicidad de la Fe apostolica.<\/p>\n\n\n\n<p>A ese grupo, desprovisto de cualquier denominaci\u00f3n e sin cualquier propaganda o forma especial de comunicaci\u00f3n, fueron agreg\u00e1ndose muchas otras personas, sinti\u00e9ndose movidas por Dios. De esa misma manera, se formaron en diversos pa\u00edses grupos imbuidos de los mismos sentimientos y comprensi\u00f3n de la Palabra de Dios.<\/p>\n\n\n\n<p>Con el aumento del numero de personas profesando los mismos principios de adoraci\u00f3n a Dios y no habiendo locales particulares en los que fuese posible reunirse fue necesario adquirir locales para tal fin, habiendo, a partir de entonces, la necesidad de crearse una instituci\u00f3n con personalidad jur\u00eddica para poder legalizar las reuniones y titularizar la propiedad de esos inmuebles y, por eso, se denomino esa entidad como &#8220;CONGREGACION CRISTIANA&#8221;, esto es, simple reuni\u00f3n de personas, sin cualquier formalismo o personalismo, apenas imbuidas de los mismos valores espirituales cristianos de adoraci\u00f3n a Dios.<\/p>\n\n\n\n<p>Los ingresos surgidos de sus miembros deben provenir de ofrendas voluntarias y an\u00f3nimas, cuyos valores deben ser aplicados \u00edntegramente en las finalidades para las cuales fueron ofrecidas, siendo vedado cualquier car\u00e1cter de obligatoriedad de su prestaci\u00f3n o vinculo con la integraci\u00f3n o permanencia de miembros.<\/p>\n\n\n\n<p>El ejercicio de cualquier cargo espiritual o de administraci\u00f3n deber\u00e1 mantenerse a trav\u00e9s de su trabajo o medios propios, toda vez que es vedada cualquier especie de remuneraci\u00f3n o retribuci\u00f3n por el ejercicio de esas actividades o por la administraci\u00f3n de servicios de espirituales o sacramentos.<\/p>\n\n\n\n<p>La CONGREGACION CRISTIANA no tiene ning\u00fan vinculo con partidos o ideolog\u00edas pol\u00edticas y los integrantes de cargos espirituales, o de administraci\u00f3n, deben de abstenerse de aceptar cargos o encargos pol\u00edticos, siendo incompatible el ejercicio concomitante de funciones en ambas esferas (cargo o encargo pol\u00edtico y funci\u00f3n espiritual o administrativa en la iglesia). Se recomienda a los miembros cumplir los deberes c\u00edvicos de ciudadanos, consonante a las leyes del pa\u00eds.<\/p>\n\n\n\n<p>Tambi\u00e9n es vedado a los miembros, integrantes del Ministerio y de la Administraci\u00f3n utilizar el nombre de la CONGREGACION CRISTIANA para fines pol\u00edticos, electorales o ideol\u00f3gicos.<\/p>\n\n\n\n<p>La CONGREGACION CRISTIANA no mantiene pol\u00e9micas sobre sus puntos de doctrina o su modo de organizaci\u00f3n, ni autoriza a nadie a hacerlo en su nombre.<\/p>\n\n\n\n<p>Los integrantes del Ministerio (Ancianos, Di\u00e1conos y Cooperadores) y de la Administraci\u00f3n de la CONGREGACION CRISTIANA no mantienen sitios webs o cualquier otro tipo de comunicaci\u00f3n objetivando atenciones de cuestiones espirituales o mismo aclaraciones de puntos de doctrina o principios de Fe.<\/p>\n\n\n\n<p>La CONGREGACION CRISTIANA no hace cualquier tipo de propaganda de su doctrina, ni se utiliza de cualquier medio de divulgaci\u00f3n publica de sus principios de Fe. Quien tuviera inter\u00e9s espiritual de conocer su doctrina deber\u00e1 frecuentar los cultos en cualquiera de sus iglesias.<\/p>\n\n\n\n<p>La CONGREGACION CRISTIANA EN LA ARGENTINA.<\/p>\n","protected":false},"excerpt":{"rendered":"<p>La Congregacion Cristiana es una comunidad religiosa enteramente fundada en la doctrina y la fe apostolica contenidas en el Nuevo Testamento de la Biblia Sagrada. La Congregacion Cristiana tiene su origen en un peque\u00f1o grupo de evangelicos italianos que, en la ciudad de Chicago en los Estados Unidos de America , en el a\u00f1o de <a href=\"https:\/\/congregacioncristiana.org.ar\/index.php\/nosotros\/\" rel=\"nofollow\"><span class=\"sr-only\">Leer m\u00e1s sobreNosotros<\/span>[&hellip;]<\/a><\/p>\n","protected":false},"author":1,"featured_media":0,"parent":0,"menu_order":0,"comment_status":"closed","ping_status":"closed","template":"","meta":{"footnotes":""},"class_list":["post-1995","page","type-page","status-publish","hentry"],"_links":{"self":[{"href":"https:\/\/congregacioncristiana.org.ar\/index.php\/wp-json\/wp\/v2\/pages\/1995","targetHints":{"allow":["GET"]}}],"collection":[{"href":"https:\/\/congregacioncristiana.org.ar\/index.php\/wp-json\/wp\/v2\/pages"}],"about":[{"href":"https:\/\/congregacioncristiana.org.ar\/index.php\/wp-json\/wp\/v2\/types\/page"}],"author":[{"embeddable":true,"href":"https:\/\/congregacioncristiana.org.ar\/index.php\/wp-json\/wp\/v2\/users\/1"}],"replies":[{"embeddable":true,"href":"https:\/\/congregacioncristiana.org.ar\/index.php\/wp-json\/wp\/v2\/comments?post=1995"}],"version-history":[{"count":4,"href":"https:\/\/congregacioncristiana.org.ar\/index.php\/wp-json\/wp\/v2\/pages\/1995\/revisions"}],"predecessor-version":[{"id":1999,"href":"https:\/\/congregacioncristiana.org.ar\/index.php\/wp-json\/wp\/v2\/pages\/1995\/revisions\/1999"}],"wp:attachment":[{"href":"https:\/\/congregacioncristiana.org.ar\/index.php\/wp-json\/wp\/v2\/media?parent=1995"}],"curies":[{"name":"wp","href":"https:\/\/api.w.org\/{rel}","templated":true}]}}