{"id":199,"date":"2020-04-17T18:04:17","date_gmt":"2020-04-17T18:04:17","guid":{"rendered":"http:\/\/congregacioncristiana.org.ar\/?page_id=199"},"modified":"2020-04-17T18:05:17","modified_gmt":"2020-04-17T18:05:17","slug":"ofrendas-23-03-2020","status":"publish","type":"page","link":"https:\/\/congregacioncristiana.org.ar\/index.php\/ofrendas-23-03-2020\/","title":{"rendered":"Ofrendas 23\/03\/2020"},"content":{"rendered":"\n<h2 class=\"wp-block-heading\">COMUNICADO A LA HERMANDAD.<\/h2>\n\n\n\n<p class=\"has-text-align-right\">Buenos Aires 23 de marzo de 2020<\/p>\n\n\n\n<p>A la querida hermandad y ministerio.<\/p>\n\n\n\n<p> Paz de Dios. Amen <\/p>\n\n\n\n<p>Frente a los acontecimientos provocados por la pandemia del corona virus (COVID-19) en nuestra naci\u00f3n Argentina, nuestras iglesias se encuentran cerradas temporalmente; cumpliendo as\u00ed con las recomendaciones de las autoridades del Gobierno.<\/p>\n\n\n\n<p>Teniendo en vista todas las necesidades de la Obra de Dios, en car\u00e1cter de emergencia, informamos a nuestra hermandad y ministerio como participar de las ofrendas.<\/p>\n\n\n\n<p>El fruto que Dios prepare sera destinado prioritariamente a la Obra de la Piedad y gastos mensuales obligatorios de las casas de oraci\u00f3n.<\/p>\n\n\n\n<p>Las ofrendas podr\u00e1n ser realizadas directamente en la cuenta corriente bancaria de la Congregaci\u00f3n Cristiana en la Argentina a trav\u00e9s de dep\u00f3sitos o transferencia electr\u00f3nica.<\/p>\n\n\n\n<p class=\"has-text-align-left\">          <strong>Congregaci\u00f3n Cristiana en la Argentina<br>          Banco Santander Rio &#8211; Sucursal: 400<br>          Cuenta Corriente en pesos N\u00ba: 1179\/0<br>          CBU: 0720400920000000117904<br>          CUIT: 30-66247230-8<\/strong><\/p>\n\n\n\n<p>Todo el ministerio esta orientado a aclarar las dudas de nuestra hermandad.<\/p>\n\n\n\n<p>Reiteramos que tomen todos los cuidados  preventivos para la contenci\u00f3n de esta pandemia, conforme a las orientaciones de nuestras autoridades sanitarias.<\/p>\n","protected":false},"excerpt":{"rendered":"<p>COMUNICADO A LA HERMANDAD. Buenos Aires 23 de marzo de 2020 A la querida hermandad y ministerio. Paz de Dios. Amen Frente a los acontecimientos provocados por la pandemia del corona virus (COVID-19) en nuestra naci\u00f3n Argentina, nuestras iglesias se encuentran cerradas temporalmente; cumpliendo as\u00ed con las recomendaciones de las autoridades del Gobierno. Teniendo en <a href=\"https:\/\/congregacioncristiana.org.ar\/index.php\/ofrendas-23-03-2020\/\" rel=\"nofollow\"><span class=\"sr-only\">Leer m\u00e1s sobreOfrendas 23\/03\/2020<\/span>[&hellip;]<\/a><\/p>\n","protected":false},"author":1,"featured_media":0,"parent":0,"menu_order":0,"comment_status":"closed","ping_status":"closed","template":"","meta":{"footnotes":""},"class_list":["post-199","page","type-page","status-publish","hentry"],"_links":{"self":[{"href":"https:\/\/congregacioncristiana.org.ar\/index.php\/wp-json\/wp\/v2\/pages\/199","targetHints":{"allow":["GET"]}}],"collection":[{"href":"https:\/\/congregacioncristiana.org.ar\/index.php\/wp-json\/wp\/v2\/pages"}],"about":[{"href":"https:\/\/congregacioncristiana.org.ar\/index.php\/wp-json\/wp\/v2\/types\/page"}],"author":[{"embeddable":true,"href":"https:\/\/congregacioncristiana.org.ar\/index.php\/wp-json\/wp\/v2\/users\/1"}],"replies":[{"embeddable":true,"href":"https:\/\/congregacioncristiana.org.ar\/index.php\/wp-json\/wp\/v2\/comments?post=199"}],"version-history":[{"count":2,"href":"https:\/\/congregacioncristiana.org.ar\/index.php\/wp-json\/wp\/v2\/pages\/199\/revisions"}],"predecessor-version":[{"id":201,"href":"https:\/\/congregacioncristiana.org.ar\/index.php\/wp-json\/wp\/v2\/pages\/199\/revisions\/201"}],"wp:attachment":[{"href":"https:\/\/congregacioncristiana.org.ar\/index.php\/wp-json\/wp\/v2\/media?parent=199"}],"curies":[{"name":"wp","href":"https:\/\/api.w.org\/{rel}","templated":true}]}}