{"id":1950,"date":"2022-09-22T10:20:42","date_gmt":"2022-09-22T13:20:42","guid":{"rendered":"https:\/\/congregacioncristiana.org.ar\/?page_id=1950"},"modified":"2022-09-22T10:20:43","modified_gmt":"2022-09-22T13:20:43","slug":"circular-23-08-2022","status":"publish","type":"page","link":"https:\/\/congregacioncristiana.org.ar\/index.php\/circular-23-08-2022\/","title":{"rendered":"Circular 23\/08\/2022"},"content":{"rendered":"\n<h2 class=\"wp-block-heading\">COMUNICADO AL MINISTERIO Y HERMANDAD EN GENERAL DE LA CONGREGACI\u00d3N CRISTIANA EN LA ARGENTINA<\/h2>\n\n\n\n<h3 class=\"wp-block-heading\">COLECTA ESPECIAL REUNI\u00d3N GENERAL DE ENSE\u00d1ANZAS<\/h3>\n\n\n\n<p class=\"has-text-align-right\">Buenos Aires, 23 de Agosto de 2022<\/p>\n\n\n\n<p>La Paz de Dios, sea con todos, Am\u00e9n.<\/p>\n\n\n\n<p>Por medio de la presente, el Ministerio de la Congregaci\u00f3n Cristiana en la Argentina, consider\u00f3 necesario hacer llegar esta circular a todas las casas de oraciones y transmisiones on-line, a fin de informar la apertura de la colecta nacional para la <strong>Reuni\u00f3n General de Ense\u00f1anzas<\/strong>, que se llevar\u00e1 a cabo en mes de Octubre en este pa\u00eds.<\/p>\n\n\n\n<p>Estos fondos que Dios prepara, son para hacer una sola caja a nivel Nacional, a fin de solventar los gastos y traslados de hermanos para esta reuni\u00f3n de Ministerio que llegan desde distintos puntos del pa\u00eds para asistir a la misma.<\/p>\n\n\n\n<p>Esta ofrenda se abrir\u00e1 el <strong>1 de septiembre<\/strong> y se cerrar\u00e1 el d\u00eda <strong>30 de septiembre<\/strong> del corriente a\u00f1o. El ingreso de este fruto ser\u00e1 por medio de sobres a colocar en la ranura de Especiales en la caja de ofrendas.<\/p>\n\n\n\n<p>LA PAZ DE DIOS Y SU AMOR PERMANEZCA SIEMPRE EN NUESTROS CORAZONES.<\/p>\n\n\n\n<p>Consejo de Ancianos y Di\u00e1conos m\u00e1s antiguos de la Congregaci\u00f3n Cristiana en la Argentina.<\/p>\n","protected":false},"excerpt":{"rendered":"<p>COMUNICADO AL MINISTERIO Y HERMANDAD EN GENERAL DE LA CONGREGACI\u00d3N CRISTIANA EN LA ARGENTINA COLECTA ESPECIAL REUNI\u00d3N GENERAL DE ENSE\u00d1ANZAS Buenos Aires, 23 de Agosto de 2022 La Paz de Dios, sea con todos, Am\u00e9n. Por medio de la presente, el Ministerio de la Congregaci\u00f3n Cristiana en la Argentina, consider\u00f3 necesario hacer llegar esta circular <a href=\"https:\/\/congregacioncristiana.org.ar\/index.php\/circular-23-08-2022\/\" rel=\"nofollow\"><span class=\"sr-only\">Leer m\u00e1s sobreCircular 23\/08\/2022<\/span>[&hellip;]<\/a><\/p>\n","protected":false},"author":1,"featured_media":0,"parent":0,"menu_order":0,"comment_status":"closed","ping_status":"closed","template":"","meta":{"footnotes":""},"class_list":["post-1950","page","type-page","status-publish","hentry"],"_links":{"self":[{"href":"https:\/\/congregacioncristiana.org.ar\/index.php\/wp-json\/wp\/v2\/pages\/1950","targetHints":{"allow":["GET"]}}],"collection":[{"href":"https:\/\/congregacioncristiana.org.ar\/index.php\/wp-json\/wp\/v2\/pages"}],"about":[{"href":"https:\/\/congregacioncristiana.org.ar\/index.php\/wp-json\/wp\/v2\/types\/page"}],"author":[{"embeddable":true,"href":"https:\/\/congregacioncristiana.org.ar\/index.php\/wp-json\/wp\/v2\/users\/1"}],"replies":[{"embeddable":true,"href":"https:\/\/congregacioncristiana.org.ar\/index.php\/wp-json\/wp\/v2\/comments?post=1950"}],"version-history":[{"count":1,"href":"https:\/\/congregacioncristiana.org.ar\/index.php\/wp-json\/wp\/v2\/pages\/1950\/revisions"}],"predecessor-version":[{"id":1951,"href":"https:\/\/congregacioncristiana.org.ar\/index.php\/wp-json\/wp\/v2\/pages\/1950\/revisions\/1951"}],"wp:attachment":[{"href":"https:\/\/congregacioncristiana.org.ar\/index.php\/wp-json\/wp\/v2\/media?parent=1950"}],"curies":[{"name":"wp","href":"https:\/\/api.w.org\/{rel}","templated":true}]}}