{"id":1700,"date":"2022-01-11T19:27:08","date_gmt":"2022-01-11T22:27:08","guid":{"rendered":"https:\/\/congregacioncristiana.org.ar\/?page_id=1700"},"modified":"2022-01-11T19:27:09","modified_gmt":"2022-01-11T22:27:09","slug":"circular-14-12-2021","status":"publish","type":"page","link":"https:\/\/congregacioncristiana.org.ar\/index.php\/circular-14-12-2021\/","title":{"rendered":"Circular 14\/12\/2021"},"content":{"rendered":"\n<h2 class=\"wp-block-heading\">COMUNICADO AL MINISTERIO Y HERMANDAD EN GENERAL DE LA CONGREGACI\u00d3N CRISTIANA EN LA ARGENTINA<\/h2>\n\n\n\n<h3 class=\"wp-block-heading\"><\/h3>\n\n\n\n<p class=\"has-text-align-right\">Buenos Aires, 14 de Diciembre de 2021<\/p>\n\n\n\n<p>La Paz de Dios, sea con todos, Am\u00e9n.<\/p>\n\n\n\n<p>Por medio de la presente, el Ministerio de la Congregaci\u00f3n Cristiana en la Argentina, consider\u00f3 necesario hacer llegar esta circular a todas las casas de oraciones y transmisiones online, y de esta manera a todo el pueblo, la necesidad de poner en conocimiento la gran importancia que tiene esta COLECTA NACIONAL PARA LA PIEDAD.<\/p>\n\n\n\n<p>Este fondo especial que se junta, es para hacer una sola caja a nivel Nacional y prepararnos ante situaciones extremas o de calamidad, como tambi\u00e9n casos especiales en la cual el pueblo de Dios necesita un recurso extraordinario. Este fondo recaudado es administrado por una administraci\u00f3n conformada especialmente para este fin, compuesta por Ancianos, Di\u00e1conos y administradores. Donde en constante comuni\u00f3n con nuestro Dios buscan hacerse guiar para hacer uso de esos fondos especiales.<\/p>\n\n\n\n<p>Sabemos que hay muchas necesidades en medio del pueblo, pero Dios no nos desampara ni nos desamparar\u00e1. Y como pueblo de Dios debemos ser ordenados y transparentes en cada cosa que hacemos. Ante situaciones extremas como desastres clim\u00e1ticos, calamidades, etc., no podemos ni debemos actuar en desesperaci\u00f3n y desordenadamente, buscando fondos para mitigar o afrontar tal situaci\u00f3n. Es por eso que el Se\u00f1or dio la luz a sus siervos para hacer esta colecta especial. El Se\u00f1or, nuestro Dios, nos d\u00e9 el sentimiento y condici\u00f3n para que estando todos en la misma comuni\u00f3n podamos hacer un esfuerzo extra, para que esta colecta especial tenga buenos frutos.<\/p>\n\n\n\n<p>Esta colecta se abrir\u00e1 el 15\/12\/2021 y se cerrar\u00e1 el 15\/01\/2022. La modalidad de recolecci\u00f3n de las ofrendas seguir\u00e1 siendo por cajas de ofrendas (ranuras especiales) y transferencia bancaria en la cuenta a nombre de la CONGREGACI\u00d3N CRISTIANA EN LA ARGENTINA, cuyos datos constan en la presente circular y tambi\u00e9n se podr\u00e1 ofrendar conforme a la modalidad de cada localidad, ya que deber\u00e1 ajustarse a las restricciones de cada municipio. En el momento de la ofrenda deber\u00e1 identificar o manifestar que la misma es para la COLECTA NACIONAL DE LA PIEDAD<\/p>\n\n\n\n<p>Alegr\u00e9monos en servir a Dios en esta parte y \u00c9l nos compensar\u00e1, las obras de nuestro Dios se manifiesta en nuestro medio cuando colocamos en acci\u00f3n nuestra FE.<\/p>\n\n\n\n<p>LA PAZ DE DIOS Y SU AMOR PERMANEZCA SIEMPRE EN NUESTROS CORAZONES.<\/p>\n\n\n\n<p>Congregaci\u00f3n Cristiana en la Argentina<br>Banco Santander R\u00edo \u2013 Sucursal: 400<br>Cuenta Corriente en pesos N\u00ba: 1179\/0<br>CBU: 0720400920000000117904<br>CUIT: 30-66247230-8<\/p>\n\n\n\n<p>Consejo de Ancianos y Di\u00e1conos m\u00e1s antiguos de la Congregaci\u00f3n Cristiana en la Argentina.<\/p>\n","protected":false},"excerpt":{"rendered":"<p>COMUNICADO AL MINISTERIO Y HERMANDAD EN GENERAL DE LA CONGREGACI\u00d3N CRISTIANA EN LA ARGENTINA Buenos Aires, 14 de Diciembre de 2021 La Paz de Dios, sea con todos, Am\u00e9n. Por medio de la presente, el Ministerio de la Congregaci\u00f3n Cristiana en la Argentina, consider\u00f3 necesario hacer llegar esta circular a todas las casas de oraciones <a href=\"https:\/\/congregacioncristiana.org.ar\/index.php\/circular-14-12-2021\/\" rel=\"nofollow\"><span class=\"sr-only\">Leer m\u00e1s sobreCircular 14\/12\/2021<\/span>[&hellip;]<\/a><\/p>\n","protected":false},"author":1,"featured_media":0,"parent":0,"menu_order":0,"comment_status":"closed","ping_status":"closed","template":"","meta":{"footnotes":""},"class_list":["post-1700","page","type-page","status-publish","hentry"],"_links":{"self":[{"href":"https:\/\/congregacioncristiana.org.ar\/index.php\/wp-json\/wp\/v2\/pages\/1700","targetHints":{"allow":["GET"]}}],"collection":[{"href":"https:\/\/congregacioncristiana.org.ar\/index.php\/wp-json\/wp\/v2\/pages"}],"about":[{"href":"https:\/\/congregacioncristiana.org.ar\/index.php\/wp-json\/wp\/v2\/types\/page"}],"author":[{"embeddable":true,"href":"https:\/\/congregacioncristiana.org.ar\/index.php\/wp-json\/wp\/v2\/users\/1"}],"replies":[{"embeddable":true,"href":"https:\/\/congregacioncristiana.org.ar\/index.php\/wp-json\/wp\/v2\/comments?post=1700"}],"version-history":[{"count":1,"href":"https:\/\/congregacioncristiana.org.ar\/index.php\/wp-json\/wp\/v2\/pages\/1700\/revisions"}],"predecessor-version":[{"id":1701,"href":"https:\/\/congregacioncristiana.org.ar\/index.php\/wp-json\/wp\/v2\/pages\/1700\/revisions\/1701"}],"wp:attachment":[{"href":"https:\/\/congregacioncristiana.org.ar\/index.php\/wp-json\/wp\/v2\/media?parent=1700"}],"curies":[{"name":"wp","href":"https:\/\/api.w.org\/{rel}","templated":true}]}}