{"id":1672,"date":"2021-12-15T11:26:03","date_gmt":"2021-12-15T14:26:03","guid":{"rendered":"https:\/\/congregacioncristiana.org.ar\/?page_id=1672"},"modified":"2021-12-15T11:26:04","modified_gmt":"2021-12-15T14:26:04","slug":"circular-25-09-2021","status":"publish","type":"page","link":"https:\/\/congregacioncristiana.org.ar\/index.php\/circular-25-09-2021\/","title":{"rendered":"Circular 25\/09\/2021"},"content":{"rendered":"\n<h2 class=\"wp-block-heading\">COMUNICADO AL MINISTERIO Y HERMANDAD EN GENERAL DE LA CONGREGACI\u00d3N CRISTIANA EN LA ARGENTINA<\/h2>\n\n\n\n<h3 class=\"wp-block-heading\">REAPERTURA DE CASAS DE ORACION PARA SANTOS CULTOS<\/h3>\n\n\n\n<p class=\"has-text-align-right\">Buenos Aires, 25 de Septiembre de 2021<\/p>\n\n\n\n<p>La Paz de Dios, sea con todos, Am\u00e9n.<\/p>\n\n\n\n<p>Considerando por parte del Consejo de Ancianos m\u00e1s Antiguos, la buena disposici\u00f3n en general de la querida hermandad para asistir en los santos cultos presenciales, y las aperturas en diferentes \u00e1reas que las autoridades gubernamentales fueron permitiendo, d\u00e1ndonos la oportunidad de congregar m\u00e1s veces ya sea en la semana o fines de semana, es que comunicamos a toda la hermandad y Ministerio, que a partir del mes de Octubre, solamente se realizara y trasmitir\u00e1 <strong>culto de manera On Line<\/strong>, los d\u00edas<strong> MARTES a las 20hs<\/strong>, a fin de que aquellos hermanos que por motivos de enfermedades o situaciones personales que les impidan poder congregar presencialmente puedan seguir oyendo la Palabra de Dios.<\/p>\n\n\n\n<p>Recordamos y aconsejamos a toda la hermandad a continuar respetando y cumpliendo las indicaciones necesarias de higienizaci\u00f3n y distanciamiento, y que el uso de tapabocas o barbijos durante todo el servicio de culto ser\u00e1 requisito indispensable para poder ingresar y permanecer en la iglesia, teniendo en cuenta que al finalizar el servicio deber\u00e1n retirarse sin saludarse con el \u00f3sculo santo hasta que Dios nos de esta libertad nuevamente.<\/p>\n\n\n\n<p>Los saludan con la Santa Paz de Dios, vuestros Hermanos en Cristo Jes\u00fas.<\/p>\n\n\n\n<p>Consejo de Ancianos m\u00e1s antiguos de la Congregaci\u00f3n Cristiana en la Argentina.<\/p>\n","protected":false},"excerpt":{"rendered":"<p>COMUNICADO AL MINISTERIO Y HERMANDAD EN GENERAL DE LA CONGREGACI\u00d3N CRISTIANA EN LA ARGENTINA REAPERTURA DE CASAS DE ORACION PARA SANTOS CULTOS Buenos Aires, 25 de Septiembre de 2021 La Paz de Dios, sea con todos, Am\u00e9n. Considerando por parte del Consejo de Ancianos m\u00e1s Antiguos, la buena disposici\u00f3n en general de la querida hermandad <a href=\"https:\/\/congregacioncristiana.org.ar\/index.php\/circular-25-09-2021\/\" rel=\"nofollow\"><span class=\"sr-only\">Leer m\u00e1s sobreCircular 25\/09\/2021<\/span>[&hellip;]<\/a><\/p>\n","protected":false},"author":1,"featured_media":0,"parent":0,"menu_order":0,"comment_status":"closed","ping_status":"closed","template":"","meta":{"footnotes":""},"class_list":["post-1672","page","type-page","status-publish","hentry"],"_links":{"self":[{"href":"https:\/\/congregacioncristiana.org.ar\/index.php\/wp-json\/wp\/v2\/pages\/1672","targetHints":{"allow":["GET"]}}],"collection":[{"href":"https:\/\/congregacioncristiana.org.ar\/index.php\/wp-json\/wp\/v2\/pages"}],"about":[{"href":"https:\/\/congregacioncristiana.org.ar\/index.php\/wp-json\/wp\/v2\/types\/page"}],"author":[{"embeddable":true,"href":"https:\/\/congregacioncristiana.org.ar\/index.php\/wp-json\/wp\/v2\/users\/1"}],"replies":[{"embeddable":true,"href":"https:\/\/congregacioncristiana.org.ar\/index.php\/wp-json\/wp\/v2\/comments?post=1672"}],"version-history":[{"count":1,"href":"https:\/\/congregacioncristiana.org.ar\/index.php\/wp-json\/wp\/v2\/pages\/1672\/revisions"}],"predecessor-version":[{"id":1673,"href":"https:\/\/congregacioncristiana.org.ar\/index.php\/wp-json\/wp\/v2\/pages\/1672\/revisions\/1673"}],"wp:attachment":[{"href":"https:\/\/congregacioncristiana.org.ar\/index.php\/wp-json\/wp\/v2\/media?parent=1672"}],"curies":[{"name":"wp","href":"https:\/\/api.w.org\/{rel}","templated":true}]}}