{"id":1577,"date":"2021-09-27T10:40:17","date_gmt":"2021-09-27T13:40:17","guid":{"rendered":"https:\/\/congregacioncristiana.org.ar\/?page_id=1577"},"modified":"2021-09-27T10:40:18","modified_gmt":"2021-09-27T13:40:18","slug":"circular-26-07-2021","status":"publish","type":"page","link":"https:\/\/congregacioncristiana.org.ar\/index.php\/circular-26-07-2021\/","title":{"rendered":"Circular 26\/07\/2021"},"content":{"rendered":"\n<h2 class=\"wp-block-heading\">COMUNICADO AL MINISTERIO Y HERMANDAD EN GENERAL DE LA CONGREGACI\u00d3N CRISTIANA EN LA ARGENTINA<\/h2>\n\n\n\n<h3 class=\"wp-block-heading\">REAPERTURA DE CASAS DE ORACION PARA SANTOS CULTOS<\/h3>\n\n\n\n<p class=\"has-text-align-right\">Buenos Aires, 26 de Julio de 2021<\/p>\n\n\n\n<p>La Paz de Dios, sea con todos, Am\u00e9n.<\/p>\n\n\n\n<p>Considerando por parte del Consejo de Ancianos m\u00e1s Antiguos las reaperturas de las diferentes casas de oraci\u00f3n de la Congregaci\u00f3n Cristiana en la Argentina para realizaci\u00f3n de santos cultos, fue decidido que a partir del d\u00eda 01\/08\/2021 se realizaran cultos presenciales en las casas de oraci\u00f3n donde a su vez haya habilitaci\u00f3n del municipio para actividad religiosa. Los cultos se realizaran preferentemente los d\u00edas SABADOS y\/o DOMINGOS en horarios tempranos, por motivo de las bajas temperaturas que aun se tiene en las diferentes localidades. Esto se realizara en todas las iglesias en las cuales los protocolos gubernamentales as\u00ed lo permitiesen, y en las cuales las condiciones de infraestructura de la casa de oraci\u00f3n sean las convenientes. Las iglesias en donde los Municipios o su infraestructura no les permita la realizaci\u00f3n de santos cultos permanecer\u00e1n cerradas como hasta ahora, aguardando la debida autorizaci\u00f3n de las autoridades.<\/p>\n\n\n\n<p>Seguir\u00e1n vigentes por el momento, dos <strong>cultos ON LINE<\/strong>, <strong>los d\u00edas Martes y S\u00e1bado a las 20:00hs.<\/strong><\/p>\n\n\n\n<p>Las reuniones de evangelizaci\u00f3n, en casas particulares, aun no ser\u00e1n reabiertas, aguardando en breve poder tener esta libertad tambi\u00e9n en medio nuestro.<\/p>\n\n\n\n<p>La fijaci\u00f3n del d\u00eda y horario, entre lo recomendado en la presente, ser\u00e1 responsabilidad del Ministerio local, como as\u00ed tambi\u00e9n velar junto con los hermanos colaboradores de Administraci\u00f3n el cumplir y hacer cumplir por la hermandad los protocolos exigidos por las autoridades dentro del sal\u00f3n.<\/p>\n\n\n\n<p>Por el momento no habr\u00e1 libertad de testimonios en los santos cultos, y ser\u00e1n de una hora de duraci\u00f3n aproximadamente, continuando con la estructura de culto indicada en la anterior reapertura.<\/p>\n\n\n\n<p>Los instrumentos permitidos para tocar en las casas de oraci\u00f3n ser\u00e1n los de cuerda, acorde\u00f3n, \u00f3rgano y de vientos.<\/p>\n\n\n\n<p>Respecto de los instrumentos de vientos, ser\u00e1 responsabilidad del Hermano o Hermana que ejecute el mismo, cuidar la higienizaci\u00f3n del mismo y del lugar donde se haya ubicado, respetando el distanciamiento, y no dejando en la superficie del sal\u00f3n rastros de saliva, a cuyo fin deber\u00e1n llevar los elementos necesarios para tal fin.<\/p>\n\n\n\n<p>En caso de orquestas de mayor tama\u00f1o, los m\u00fasicos de instrumentos de vientos deber\u00e1n turnarse quedando a cargo de los hermanos encargados locales\/regionales la rotaci\u00f3n de los mismos a fin de siempre respetar el aforo permitido.<\/p>\n\n\n\n<p>Recordamos a la hermandad que las oraciones por el momento estar\u00e1n a cargo del Ministerio desde la plataforma o micr\u00f3fonos laterales.<br>La hermandad deber\u00e1 respetar en todo momento las indicaciones de los hermanos porteros y hermanas auxiliares, as\u00ed como la se\u00f1alizaci\u00f3n que habr\u00e1 en las casas de oraci\u00f3n.<\/p>\n\n\n\n<p>Recordamos a la amada hermandad que al finalizar el servicio deber\u00e1n retirarse sin saludarse entre s\u00ed y evitando el \u00f3sculo santo hasta que Dios nos de esta libertad nuevamente.<\/p>\n\n\n\n<p>As\u00ed tambi\u00e9n recordamos que el uso de tapabocas o barbijos durante todo el servicio de culto ser\u00e1 requisito indispensable para poder ingresar y permanecer en la iglesia. Los ba\u00f1os deber\u00e1n ser utilizados solamente en caso de extrema necesidad para evitar los lugares de circulaci\u00f3n com\u00fan de la hermandad.<\/p>\n\n\n\n<p>La hermandad deber\u00e1 respetar la fila y asiento que se le asigne en la recepci\u00f3n, y no podr\u00e1 estar movi\u00e9ndose de lugar libremente salvo indicaci\u00f3n de los hermanos porteros y\/o hermanas auxiliares.<\/p>\n\n\n\n<p>Rogamos a quienes sientan alg\u00fan s\u00edntoma relacionado con COVID-19, no concurrir y ante la menor duda realizar el hisopado correspondiente en los centros habilitados por el gobierno para este fin.<\/p>\n\n\n\n<p><strong>Ofrendas<\/strong>: Quedar\u00e1n habilitados los rubros de Piedad y Mantenimiento. Estos frutos ingresaran en los santos cultos en las cajas respectivas.<\/p>\n\n\n\n<p>Rogamos a Dios para que en esta nueva reapertura, las bendiciones celestiales puedan caer sobre la iglesia, habiendo dispensaci\u00f3n de nuevos dones y virtudes en medio del pueblo de Dios para beneficio de nuestra vida espiritual.<\/p>\n\n\n\n<p>Los saludan con la Santa Paz de Dios, vuestros Hermanos en Cristo Jes\u00fas.<\/p>\n\n\n\n<p>Consejo de Ancianos m\u00e1s antiguos y Ministerio de la Congregaci\u00f3n Cristiana en la Argentina.<\/p>\n","protected":false},"excerpt":{"rendered":"<p>COMUNICADO AL MINISTERIO Y HERMANDAD EN GENERAL DE LA CONGREGACI\u00d3N CRISTIANA EN LA ARGENTINA REAPERTURA DE CASAS DE ORACION PARA SANTOS CULTOS Buenos Aires, 26 de Julio de 2021 La Paz de Dios, sea con todos, Am\u00e9n. Considerando por parte del Consejo de Ancianos m\u00e1s Antiguos las reaperturas de las diferentes casas de oraci\u00f3n de <a href=\"https:\/\/congregacioncristiana.org.ar\/index.php\/circular-26-07-2021\/\" rel=\"nofollow\"><span class=\"sr-only\">Leer m\u00e1s sobreCircular 26\/07\/2021<\/span>[&hellip;]<\/a><\/p>\n","protected":false},"author":1,"featured_media":0,"parent":0,"menu_order":0,"comment_status":"closed","ping_status":"closed","template":"","meta":{"footnotes":""},"class_list":["post-1577","page","type-page","status-publish","hentry"],"_links":{"self":[{"href":"https:\/\/congregacioncristiana.org.ar\/index.php\/wp-json\/wp\/v2\/pages\/1577","targetHints":{"allow":["GET"]}}],"collection":[{"href":"https:\/\/congregacioncristiana.org.ar\/index.php\/wp-json\/wp\/v2\/pages"}],"about":[{"href":"https:\/\/congregacioncristiana.org.ar\/index.php\/wp-json\/wp\/v2\/types\/page"}],"author":[{"embeddable":true,"href":"https:\/\/congregacioncristiana.org.ar\/index.php\/wp-json\/wp\/v2\/users\/1"}],"replies":[{"embeddable":true,"href":"https:\/\/congregacioncristiana.org.ar\/index.php\/wp-json\/wp\/v2\/comments?post=1577"}],"version-history":[{"count":1,"href":"https:\/\/congregacioncristiana.org.ar\/index.php\/wp-json\/wp\/v2\/pages\/1577\/revisions"}],"predecessor-version":[{"id":1578,"href":"https:\/\/congregacioncristiana.org.ar\/index.php\/wp-json\/wp\/v2\/pages\/1577\/revisions\/1578"}],"wp:attachment":[{"href":"https:\/\/congregacioncristiana.org.ar\/index.php\/wp-json\/wp\/v2\/media?parent=1577"}],"curies":[{"name":"wp","href":"https:\/\/api.w.org\/{rel}","templated":true}]}}