{"id":1388,"date":"2021-07-03T19:11:06","date_gmt":"2021-07-03T22:11:06","guid":{"rendered":"https:\/\/congregacioncristiana.org.ar\/?page_id=1388"},"modified":"2021-07-03T19:11:06","modified_gmt":"2021-07-03T22:11:06","slug":"circular-19-06-2021","status":"publish","type":"page","link":"https:\/\/congregacioncristiana.org.ar\/index.php\/circular-19-06-2021\/","title":{"rendered":"Circular 19\/06\/2021"},"content":{"rendered":"\n<h2 class=\"wp-block-heading\">COMUNICADO AL MINISTERIO Y HERMANDAD EN GENERAL DE LA CONGREGACI\u00d3N CRISTIANA EN LA ARGENTINA<\/h2>\n\n\n\n<h3 class=\"wp-block-heading\">EXCEPCIONES DE EMERGENCIA SANITARIA<\/h3>\n\n\n\n<p class=\"has-text-align-right\">San Nicol\u00e1s, 19 de Junio de 2021<\/p>\n\n\n\n<p>La Paz de Dios, sea con todos, Am\u00e9n.<\/p>\n\n\n\n<p>Considerando que se ampli\u00f3 el plazo por un (1) a\u00f1o la emergencia p\u00fablica en materia sanitaria, en virtud de la pandemia Covid-19, se considera a la hermandad lo siguiente:<br>Mediante la Secretar\u00eda de Culto se ha pedido se arbitren las medidas para que en los lugares considerados de alto riesgo se autorice la realizaci\u00f3n de cultos, con un m\u00e1ximo del treinta porciento (30%) de aforo en lugares cerrados; manteniendo la distancia establecida por el protocolo sanitario vigente.<\/p>\n\n\n\n<p>Reiteramos a la hermandad que en todo se deber\u00e1n tomar los cuidados preventivos para la contenci\u00f3n de esta pandemia conforme a las orientaciones de nuestras autoridades sanitarias.<\/p>\n\n\n\n<p>El presente comunicado podr\u00e1 ser corroborado en el sitio oficial de la Congregaci\u00f3n Cristiana en la Argentina. https:\/\/congregacioncristiana.org.ar\/<\/p>\n\n\n\n<p>Permanezcamos en comuni\u00f3n con nuestro Dios, orando en nuestras casas, participando de los cultos ON LINE que Dios ha preparado, aguardando el tiempo de nuestro Se\u00f1or para la apertura total de las Casas de Oraci\u00f3n.<\/p>\n\n\n\n<p>Los saludan con la Santa Paz de Dios, vuestros Hermanos en Cristo Jes\u00fas. <\/p>\n\n\n\n<p>Consejo de Ancianos m\u00e1s antiguos y Administraci\u00f3n de la Congregaci\u00f3n Cristiana en la Argentina.<\/p>\n","protected":false},"excerpt":{"rendered":"<p>COMUNICADO AL MINISTERIO Y HERMANDAD EN GENERAL DE LA CONGREGACI\u00d3N CRISTIANA EN LA ARGENTINA EXCEPCIONES DE EMERGENCIA SANITARIA San Nicol\u00e1s, 19 de Junio de 2021 La Paz de Dios, sea con todos, Am\u00e9n. Considerando que se ampli\u00f3 el plazo por un (1) a\u00f1o la emergencia p\u00fablica en materia sanitaria, en virtud de la pandemia Covid-19, <a href=\"https:\/\/congregacioncristiana.org.ar\/index.php\/circular-19-06-2021\/\" rel=\"nofollow\"><span class=\"sr-only\">Leer m\u00e1s sobreCircular 19\/06\/2021<\/span>[&hellip;]<\/a><\/p>\n","protected":false},"author":1,"featured_media":0,"parent":0,"menu_order":0,"comment_status":"closed","ping_status":"closed","template":"","meta":{"footnotes":""},"class_list":["post-1388","page","type-page","status-publish","hentry"],"_links":{"self":[{"href":"https:\/\/congregacioncristiana.org.ar\/index.php\/wp-json\/wp\/v2\/pages\/1388","targetHints":{"allow":["GET"]}}],"collection":[{"href":"https:\/\/congregacioncristiana.org.ar\/index.php\/wp-json\/wp\/v2\/pages"}],"about":[{"href":"https:\/\/congregacioncristiana.org.ar\/index.php\/wp-json\/wp\/v2\/types\/page"}],"author":[{"embeddable":true,"href":"https:\/\/congregacioncristiana.org.ar\/index.php\/wp-json\/wp\/v2\/users\/1"}],"replies":[{"embeddable":true,"href":"https:\/\/congregacioncristiana.org.ar\/index.php\/wp-json\/wp\/v2\/comments?post=1388"}],"version-history":[{"count":1,"href":"https:\/\/congregacioncristiana.org.ar\/index.php\/wp-json\/wp\/v2\/pages\/1388\/revisions"}],"predecessor-version":[{"id":1389,"href":"https:\/\/congregacioncristiana.org.ar\/index.php\/wp-json\/wp\/v2\/pages\/1388\/revisions\/1389"}],"wp:attachment":[{"href":"https:\/\/congregacioncristiana.org.ar\/index.php\/wp-json\/wp\/v2\/media?parent=1388"}],"curies":[{"name":"wp","href":"https:\/\/api.w.org\/{rel}","templated":true}]}}